{"id":117,"date":"2015-12-28T14:19:23","date_gmt":"2015-12-28T14:19:23","guid":{"rendered":"http:\/\/xml-io.proteusthemes.com\/beauty\/?page_id=117"},"modified":"2016-09-23T21:05:06","modified_gmt":"2016-09-23T21:05:06","slug":"analiza","status":"publish","type":"page","link":"https:\/\/infeksioni.com\/?page_id=117","title":{"rendered":"Analiza Laboratorike"},"content":{"rendered":"<div id=\"pl-117\"  class=\"panel-layout\" ><div id=\"pg-117-0\"  class=\"panel-grid panel-no-style\" ><div id=\"pgc-117-0-0\"  class=\"panel-grid-cell\" ><div id=\"panel-117-0-0-0\" class=\"so-panel widget widget_sow-editor panel-first-child panel-last-child\" data-index=\"0\" ><div\n\t\t\t\n\t\t\tclass=\"so-widget-sow-editor so-widget-sow-editor-base\"\n\t\t\t\n\t\t>\n<div class=\"siteorigin-widget-tinymce textwidget\">\n\t<p><strong>Analiza Biokimike komplet<\/strong><br \/><strong>P\u00ebrmes sistemit te automatizuar Cobas Integra 800 nga prodhuesi Roche ne me cil\u00ebsi te larte b\u00ebjm\u00eb te gjithat analizat rutine biokimike dhe proteinat specifike,p\u00ebr nj\u00eb kohe te shkurt\u00ebr dhe me cil\u00ebsi maksimale .<\/strong><\/p>\n<\/div>\n<\/div><\/div><\/div><\/div><div id=\"pg-117-1\"  class=\"panel-grid panel-no-style\" ><div id=\"pgc-117-1-0\"  class=\"panel-grid-cell\" ><div id=\"panel-117-1-0-0\" class=\"so-panel widget widget_sow-editor panel-first-child panel-last-child\" data-index=\"1\" ><div class=\"panel-widget-style panel-widget-style-for-117-1-0-0\" ><div\n\t\t\t\n\t\t\tclass=\"so-widget-sow-editor so-widget-sow-editor-base\"\n\t\t\t\n\t\t>\n<div class=\"siteorigin-widget-tinymce textwidget\">\n\t<p style=\"text-align: left;\"><strong style=\"line-height: 1.5;\">\u00a0 \u00a0 \u00a0 Analiza Biokimike<br \/> <\/strong><\/p>\n<ul>\n<li style=\"text-align: left;\">Urea,Gikemi,kreatinin<\/li>\n<li style=\"text-align: left;\">AST.ALT,Biirubin Tot<\/li>\n<li style=\"text-align: left;\">Bilirubin Direkte<\/li>\n<li style=\"text-align: left;\">Fosfataza Alkalike<\/li>\n<li style=\"text-align: left;\">Fosfataza Acidike<\/li>\n<li style=\"text-align: left;\">Amilaza ne serum<\/li>\n<li style=\"text-align: left;\">Amilaza ne urine<\/li>\n<li style=\"text-align: left;\">Cholesterol<\/li>\n<li style=\"text-align: left;\">Trigliceride,HDL,LDL<\/li>\n<li style=\"text-align: left;\">Lipidet Totale.<\/li>\n<li style=\"text-align: left;\">Albumin,ProteinGlobulin<\/li>\n<li style=\"text-align: left;\">LDH.CPK,CKMB<\/li>\n<li style=\"text-align: left;\">CholinesterazaProt.Bens Johns<\/li>\n<li style=\"text-align: left;\">CRP.ASTO.RF.W.Rose<\/li>\n<li style=\"text-align: left;\">gGT,Amoniaku,<\/li>\n<li style=\"text-align: left;\">Laktatet,Bikarbonatet<\/li>\n<li style=\"text-align: left;\">ACE,C3,C4,IgG,IgM<\/li>\n<li style=\"text-align: left;\">IgA,RF<\/li>\n<li style=\"text-align: left;\">Clirensi i kreatinines\n<p><\/li>\n<\/ul>\n<\/div>\n<\/div><\/div><\/div><\/div><div id=\"pgc-117-1-1\"  class=\"panel-grid-cell\" ><div id=\"panel-117-1-1-0\" class=\"so-panel widget widget_sow-editor panel-first-child\" data-index=\"2\" ><div class=\"panel-widget-style panel-widget-style-for-117-1-1-0\" ><div\n\t\t\t\n\t\t\tclass=\"so-widget-sow-editor so-widget-sow-editor-base\"\n\t\t\t\n\t\t>\n<div class=\"siteorigin-widget-tinymce textwidget\">\n\t<p>\u00a0 \u00a0 \u00a0 <strong>Elektrolitet<\/strong><\/p>\n<ul>\n<li>Na ne Serum,Ltsh,Urin<\/li>\n<li>K ne Serum,Ltsh,Urin<\/li>\n<li>CL ne Serum,Ltsh,Urin<\/li>\n<li>Ca ne serum<\/li>\n<li>Mg .Zn. P, Cu.Fe<\/li>\n<\/ul>\n<\/div>\n<\/div><\/div><\/div><div id=\"panel-117-1-1-1\" class=\"so-panel widget widget_sow-editor\" data-index=\"3\" ><div class=\"panel-widget-style panel-widget-style-for-117-1-1-1\" ><div\n\t\t\t\n\t\t\tclass=\"so-widget-sow-editor so-widget-sow-editor-base\"\n\t\t\t\n\t\t>\n<div class=\"siteorigin-widget-tinymce textwidget\">\n\t<p><strong>\u00a0 \u00a0 \u00a0 Teste Specifike<\/strong><\/p>\n<ul>\n<li>CRP LTSH<\/li>\n<li>Prototeinat LTSH,Urin<\/li>\n<li>Glukoza ne LTSH<\/li>\n<li>Laktatet ne LTSH<\/li>\n<li>Ferritin ne LTSH<\/li>\n<\/ul>\n<\/div>\n<\/div><\/div><\/div><div id=\"panel-117-1-1-2\" class=\"so-panel widget widget_sow-editor panel-last-child\" data-index=\"4\" ><div class=\"panel-widget-style panel-widget-style-for-117-1-1-2\" ><div\n\t\t\t\n\t\t\tclass=\"so-widget-sow-editor so-widget-sow-editor-base\"\n\t\t\t\n\t\t>\n<div class=\"siteorigin-widget-tinymce textwidget\">\n\t<p><strong>\u00a0 \u00a0 \u00a0Proteinat specifike<\/strong><\/p>\n<ul>\n<li>Apolipoprotein40<\/li>\n<li>Haptoglobin<\/li>\n<li>Alfa2 Macroglobulin<\/li>\n<li>Fibrotest(testi i p\u00ebrcaktimit te shkalles se fibrozes hepatale.<\/li>\n<li>Ceruloplazmina<\/li>\n<\/ul>\n<\/div>\n<\/div><\/div><\/div><\/div><div id=\"pgc-117-1-2\"  class=\"panel-grid-cell\" ><div id=\"panel-117-1-2-0\" class=\"so-panel widget widget_sow-editor panel-first-child\" data-index=\"5\" ><div class=\"panel-widget-style panel-widget-style-for-117-1-2-0\" ><div\n\t\t\t\n\t\t\tclass=\"so-widget-sow-editor so-widget-sow-editor-base\"\n\t\t\t\n\t\t>\n<div class=\"siteorigin-widget-tinymce textwidget\">\n\t<p><strong>\u00a0 \u00a0 \u00a0 Analiza rutinore<\/strong><\/p>\n<ul>\n<li>Sedimentimi i Er<\/li>\n<li>Hemogrami,strisho periferike.<\/li>\n<li>Koha e gjakderdhjes<\/li>\n<li>Koha e kuagulimit<\/li>\n<li>Analiza e urines me sedimet.<\/li>\n<\/ul>\n<\/div>\n<\/div><\/div><\/div><div id=\"panel-117-1-2-1\" class=\"so-panel widget widget_sow-editor\" data-index=\"6\" ><div class=\"panel-widget-style panel-widget-style-for-117-1-2-1\" ><div\n\t\t\t\n\t\t\tclass=\"so-widget-sow-editor so-widget-sow-editor-base\"\n\t\t\t\n\t\t>\n<div class=\"siteorigin-widget-tinymce textwidget\">\n\t<p><strong>\u00a0 \u00a0 \u00a0Faktoret e kuagulimit<\/strong><\/p>\n<ul>\n<li>APTT<\/li>\n<li>PTT<\/li>\n<li>INR<\/li>\n<li>Fibrinogjen<\/li>\n<li>Antitrombin<\/li>\n<\/ul>\n<\/div>\n<\/div><\/div><\/div><div id=\"panel-117-1-2-2\" class=\"so-panel widget widget_sow-editor panel-last-child\" data-index=\"7\" ><div class=\"panel-widget-style panel-widget-style-for-117-1-2-2\" ><div\n\t\t\t\n\t\t\tclass=\"so-widget-sow-editor so-widget-sow-editor-base\"\n\t\t\t\n\t\t>\n<div class=\"siteorigin-widget-tinymce textwidget\">\n\t<p><strong>\u00a0 \u00a0 \u00a0 Analiza emergjente<\/strong><\/p>\n<ul>\n<li>Droga ne Urine<\/li>\n<li>Paneli me 6 parametra<\/li>\n<li>Paneli me 12 parametra<\/li>\n<li>IgE Total,Prokalcitonin<\/li>\n<li>Troponin.bHCG<\/li>\n<li>Biokimi e LTSH<\/li>\n<\/ul>\n<\/div>\n<\/div><\/div><\/div><\/div><\/div><div id=\"pg-117-2\"  class=\"panel-grid panel-no-style\" ><div id=\"pgc-117-2-0\"  class=\"panel-grid-cell\" ><div id=\"panel-117-2-0-0\" class=\"so-panel widget widget_sow-editor panel-first-child panel-last-child\" data-index=\"8\" ><div\n\t\t\t\n\t\t\tclass=\"so-widget-sow-editor so-widget-sow-editor-base\"\n\t\t\t\n\t\t>\n<div class=\"siteorigin-widget-tinymce textwidget\">\n\t<p><strong>P\u00ebrmes sistemit te automatizuar \u00a0Roche Eleksi 2010 \u00a0ne p\u00ebrkujdesje t\u00eb lart\u00eb, b\u00ebjm\u00eb analizat hormonale, markuesit tumoral ,p\u00ebr nj\u00eb kohe te shkurt\u00ebr dhe me cil\u00ebsi maksimale<\/strong><\/p>\n<\/div>\n<\/div><\/div><\/div><\/div><div id=\"pg-117-3\"  class=\"panel-grid panel-no-style\" ><div id=\"pgc-117-3-0\"  class=\"panel-grid-cell\" ><div id=\"panel-117-3-0-0\" class=\"so-panel widget widget_sow-editor panel-first-child panel-last-child\" data-index=\"9\" ><div class=\"panel-widget-style panel-widget-style-for-117-3-0-0\" ><div\n\t\t\t\n\t\t\tclass=\"so-widget-sow-editor so-widget-sow-editor-base\"\n\t\t\t\n\t\t>\n<div class=\"siteorigin-widget-tinymce textwidget\">\n\t<p><strong>\u00a0 \u00a0 \u00a0Tumor markeret<\/strong><\/p>\n<ul>\n<li>CEA<\/li>\n<li>Ca19-9.<\/li>\n<li>PSA<\/li>\n<li>Free PSA<\/li>\n<li>AFP<\/li>\n<li>Ca-15-3<\/li>\n<li>Ca-125<\/li>\n<li>BHcG<\/li>\n<\/ul>\n<\/div>\n<\/div><\/div><\/div><\/div><div id=\"pgc-117-3-1\"  class=\"panel-grid-cell\" ><div id=\"panel-117-3-1-0\" class=\"so-panel widget widget_sow-editor panel-first-child panel-last-child\" data-index=\"10\" ><div class=\"panel-widget-style panel-widget-style-for-117-3-1-0\" ><div\n\t\t\t\n\t\t\tclass=\"so-widget-sow-editor so-widget-sow-editor-base\"\n\t\t\t\n\t\t>\n<div class=\"siteorigin-widget-tinymce textwidget\">\n\t<p><strong>\u00a0 \u00a0 \u00a0Hormonet<\/strong><\/p>\n<ul>\n<li>T3.T4.TSH.<\/li>\n<li>fT3,fT4,<\/li>\n<li>Anti TPO,Tg<\/li>\n<li>FSH,LH,Cortizol<\/li>\n<li>Prolactin,Testosteron<\/li>\n<\/ul>\n<\/div>\n<\/div><\/div><\/div><\/div><div id=\"pgc-117-3-2\"  class=\"panel-grid-cell\" ><div id=\"panel-117-3-2-0\" class=\"so-panel widget widget_sow-editor panel-first-child panel-last-child\" data-index=\"11\" ><div class=\"panel-widget-style panel-widget-style-for-117-3-2-0\" ><div\n\t\t\t\n\t\t\tclass=\"so-widget-sow-editor so-widget-sow-editor-base\"\n\t\t\t\n\t\t>\n<div class=\"siteorigin-widget-tinymce textwidget\">\n\t<p><strong>\u00a0 \u00a0 \u00a0Teste tjera<\/strong><\/p>\n<ul>\n<li>Vit D<\/li>\n<li>Prokalcitonin<\/li>\n<li>Troponin HS\n<\/li>\n<\/ul>\n<\/div>\n<\/div><\/div><\/div><\/div><\/div><div id=\"pg-117-4\"  class=\"panel-grid panel-no-style\" ><div id=\"pgc-117-4-0\"  class=\"panel-grid-cell\" ><div id=\"panel-117-4-0-0\" class=\"so-panel widget widget_sow-editor panel-first-child panel-last-child\" data-index=\"12\" ><div\n\t\t\t\n\t\t\tclass=\"so-widget-sow-editor so-widget-sow-editor-base\"\n\t\t\t\n\t\t>\n<div class=\"siteorigin-widget-tinymce textwidget\">\n\t<p><strong>S\u00ebmundjet Infektive paraqesin nj\u00eb problematike te madhe te diagnostikimit duke k\u00ebrkuar p\u00ebrkushtim te lart\u00eb dhe interpretim te drejte te aspekteve serologjike.<\/strong><br \/><strong>Laboratori Infeksioni \u00ebsht\u00eb i fokusuar me s\u00eb shume ne diagnostikimin e s\u00ebmundjeve Infektive si problematike multidisciplinare,i gatshme qe ne \u00e7do koh\u00eb te ofroj sh\u00ebrbime p\u00ebr specialistet tjer\u00eb ne drejtim te diagnostikes laboratorike t\u00eb s\u00ebmundjeve infektive.<\/strong><br \/><strong>P\u00ebrmes sistemit te automatizuar Automatic ELSIA analiser Adaltis (Person LAB Allergi)-DRG ku \u00ebsht\u00eb i integruar edhe software p\u00ebr diagnostikim te alergjen\u00ebve.<\/strong><br \/><strong>Duke p\u00ebrgatitur panele alergjike var\u00ebsisht nga k\u00ebrkesa e mjekut alergolog ne n\u00eb m\u00ebnyre cil\u00ebsore analizojm\u00eb alergjen\u00eb me metodologjin\u00eb me bashk\u00ebkohore.<\/strong><\/p>\n<\/div>\n<\/div><\/div><\/div><\/div><div id=\"pg-117-5\"  class=\"panel-grid panel-no-style\" ><div id=\"pgc-117-5-0\"  class=\"panel-grid-cell\" ><div id=\"panel-117-5-0-0\" class=\"so-panel widget widget_sow-editor panel-first-child\" data-index=\"13\" ><div class=\"panel-widget-style panel-widget-style-for-117-5-0-0\" ><div\n\t\t\t\n\t\t\tclass=\"so-widget-sow-editor so-widget-sow-editor-base\"\n\t\t\t\n\t\t>\n<div class=\"siteorigin-widget-tinymce textwidget\">\n\t<p><strong>\u00a0 \u00a0 \u00a0Hepatitet<\/strong><\/p>\n<ul>\n<li>HAV-M<\/li>\n<li>HAV-G<\/li>\n<li>HbsAg<\/li>\n<li>antiHBs<\/li>\n<li>HBeAg<\/li>\n<li>AntiHBe<\/li>\n<li>HBcT<\/li>\n<li>antiHBcIgM<\/li>\n<\/ul>\n<\/div>\n<\/div><\/div><\/div><div id=\"panel-117-5-0-1\" class=\"so-panel widget widget_sow-editor panel-last-child\" data-index=\"14\" ><div class=\"panel-widget-style panel-widget-style-for-117-5-0-1\" ><div\n\t\t\t\n\t\t\tclass=\"so-widget-sow-editor so-widget-sow-editor-base\"\n\t\t\t\n\t\t>\n<div class=\"siteorigin-widget-tinymce textwidget\">\n\t<p><strong>\u00a0 \u00a0 \u00a0S\u00ebmundje seksualisht <\/strong><strong>transmisive<br \/><\/strong><strong>\u00a0 \u00a0 \u00a0STD-Paneli komplet<\/strong><\/p>\n<ul>\n<li>Chlamidia Trachomatis<\/li>\n<li>Uroplasma<\/li>\n<li>Mycoplasma<\/li>\n<li>HbsAg,HCV,<\/li>\n<li>antiHBcT<\/li>\n<li>Gonorrhea<\/li>\n<li>HIV 1+2<\/li>\n<li>Sifilis-Treponema igG<\/li>\n<li>Sifilis-Treponema-IgA<\/li>\n<\/ul>\n<\/div>\n<\/div><\/div><\/div><\/div><div id=\"pgc-117-5-1\"  class=\"panel-grid-cell\" ><div id=\"panel-117-5-1-0\" class=\"so-panel widget widget_sow-editor panel-first-child\" data-index=\"15\" ><div class=\"panel-widget-style panel-widget-style-for-117-5-1-0\" ><div\n\t\t\t\n\t\t\tclass=\"so-widget-sow-editor so-widget-sow-editor-base\"\n\t\t\t\n\t\t>\n<div class=\"siteorigin-widget-tinymce textwidget\">\n\t<p><strong>\u00a0 \u00a0 \u00a0Torchi<\/strong><\/p>\n<ul>\n<li>Toxo-IgM<\/li>\n<li>Toxo-IgG<\/li>\n<li>Rubeolla-IgM<\/li>\n<li>Rubeolla-IgG<\/li>\n<li>CMV-IgM<\/li>\n<li>CMV-IgG<\/li>\n<li>HSV1+2-IgM<\/li>\n<li>HSV-1+2IgG<\/li>\n<\/ul>\n<\/div>\n<\/div><\/div><\/div><div id=\"panel-117-5-1-1\" class=\"so-panel widget widget_sow-editor panel-last-child\" data-index=\"16\" ><div class=\"panel-widget-style panel-widget-style-for-117-5-1-1\" ><div\n\t\t\t\n\t\t\tclass=\"so-widget-sow-editor so-widget-sow-editor-base\"\n\t\t\t\n\t\t>\n<div class=\"siteorigin-widget-tinymce textwidget\">\n\t<p><strong>\u00a0 \u00a0 \u00a0S\u00ebmundje infektive\u00a0parazitare te gjakut<\/strong><\/p>\n<ul>\n<li>Leischmania-IgG<\/li>\n<li>Leischmania-IgM<\/li>\n<li>Leishmania rk34 Ag<\/li>\n<li>Sifilis-Treponema-IgA<\/li>\n<li>Palsmodium Malaria Pandemicus<\/li>\n<li>Plasmodium Vivax<\/li>\n<li>Plasmodium falciparum<\/li>\n<\/ul>\n<\/div>\n<\/div><\/div><\/div><\/div><div id=\"pgc-117-5-2\"  class=\"panel-grid-cell\" ><div id=\"panel-117-5-2-0\" class=\"so-panel widget widget_sow-editor panel-first-child\" data-index=\"17\" ><div class=\"panel-widget-style panel-widget-style-for-117-5-2-0\" ><div\n\t\t\t\n\t\t\tclass=\"so-widget-sow-editor so-widget-sow-editor-base\"\n\t\t\t\n\t\t>\n<div class=\"siteorigin-widget-tinymce textwidget\">\n\t<p><strong>\u00a0 \u00a0 \u00a0 Analiza e fecesit<\/strong><\/p>\n<ul>\n<li>Rota Virus ne feces<\/li>\n<li>Adeno Firus ne feces<\/li>\n<li>Giardia ne feces<\/li>\n<li>Gjakederdhaj okulte<\/li>\n<li>HAV Ag ne feces<\/li>\n<li>Fecesi ne ciste parazit<\/li>\n<li>H.Pylori Ag ne feces<\/li>\n<li>Calprotectin,Lactoferrin<\/li>\n<\/ul>\n<\/div>\n<\/div><\/div><\/div><div id=\"panel-117-5-2-1\" class=\"so-panel widget widget_sow-editor panel-last-child\" data-index=\"18\" ><div class=\"panel-widget-style panel-widget-style-for-117-5-2-1\" ><div\n\t\t\t\n\t\t\tclass=\"so-widget-sow-editor so-widget-sow-editor-base\"\n\t\t\t\n\t\t>\n<div class=\"siteorigin-widget-tinymce textwidget\">\n\t<p><strong>\u00a0 \u00a0 \u00a0 S\u00ebmundje infektive t\u00eb tjera<\/strong><\/p>\n<ul>\n<li>Brucella-IgM<\/li>\n<li>Brucella-IgG<\/li>\n<li>TASHB<\/li>\n<li>Bruc.Abortus<\/li>\n<li>Bruc melitensis<\/li>\n<li>Testi ne Tularemi<\/li>\n<li>Echinoccocus IgG<\/li>\n<li>Leptospira IgG<\/li>\n<\/ul>\n<\/div>\n<\/div><\/div><\/div><\/div><\/div><\/div>","protected":false},"excerpt":{"rendered":"<p>Analiza Laboratorike duke shfryt\u00ebzuar teknologjin\u00eb m\u00eb bashk\u00ebkohore&#8230;<\/p>\n","protected":false},"author":1,"featured_media":967,"parent":14,"menu_order":0,"comment_status":"closed","ping_status":"closed","template":"","meta":{"_acf_changed":false,"footnotes":""},"class_list":["post-117","page","type-page","status-publish","has-post-thumbnail","hentry"],"acf":[],"_links":{"self":[{"href":"https:\/\/infeksioni.com\/index.php?rest_route=\/wp\/v2\/pages\/117","targetHints":{"allow":["GET"]}}],"collection":[{"href":"https:\/\/infeksioni.com\/index.php?rest_route=\/wp\/v2\/pages"}],"about":[{"href":"https:\/\/infeksioni.com\/index.php?rest_route=\/wp\/v2\/types\/page"}],"author":[{"embeddable":true,"href":"https:\/\/infeksioni.com\/index.php?rest_route=\/wp\/v2\/users\/1"}],"replies":[{"embeddable":true,"href":"https:\/\/infeksioni.com\/index.php?rest_route=%2Fwp%2Fv2%2Fcomments&post=117"}],"version-history":[{"count":0,"href":"https:\/\/infeksioni.com\/index.php?rest_route=\/wp\/v2\/pages\/117\/revisions"}],"up":[{"embeddable":true,"href":"https:\/\/infeksioni.com\/index.php?rest_route=\/wp\/v2\/pages\/14"}],"wp:featuredmedia":[{"embeddable":true,"href":"https:\/\/infeksioni.com\/index.php?rest_route=\/wp\/v2\/media\/967"}],"wp:attachment":[{"href":"https:\/\/infeksioni.com\/index.php?rest_route=%2Fwp%2Fv2%2Fmedia&parent=117"}],"curies":[{"name":"wp","href":"https:\/\/api.w.org\/{rel}","templated":true}]}}