{"id":120,"date":"2015-12-29T14:20:27","date_gmt":"2015-12-29T14:20:27","guid":{"rendered":"http:\/\/xml-io.proteusthemes.com\/beauty\/?page_id=120"},"modified":"2016-10-20T07:10:58","modified_gmt":"2016-10-20T07:10:58","slug":"infektolog-dr-arben-vishaj","status":"publish","type":"page","link":"https:\/\/infeksioni.com\/?page_id=120","title":{"rendered":"Infektologu"},"content":{"rendered":"<p>Ne <strong>Ordinancen specialstike \u00a0\u201cInfektologu<\/strong>\u201d<\/p>\n<p>Ne ofrojm\u00eb vizita specialistike infektologjike dhe konsultative\u00a0 p\u00ebr pacient ton\u00eb dhe \u00a0p\u00ebr sh\u00ebrbimet \u00a0tjera specialsitke.<\/p>\n<p>Sh\u00ebrbimet tona jan\u00eb te shpejta dhe me konfidec\u00eb t\u00eb lart\u00eb \u00a0p\u00ebr pacientin, duke ofruar vizite specialsitike qe jan\u00eb t\u00eb mb\u00ebshtetur nga infrastrukture moderne laboratorike q\u00eb ne e posedojm\u00eb .<\/p>\n<p>\u00cbsht\u00eb viti i dyte qe ne ofrojm\u00eb sh\u00ebrbime specialsitike\u00a0 infektologjike p\u00ebr <strong>Spitalin Amerikan n\u00eb Prishtin\u00eb<\/strong> duke ofruar konsulte dhe duke \u00a0qene af\u00ebr pacienteve te spitalizuar ne sektorin privat<\/p>\n","protected":false},"excerpt":{"rendered":"<p>Ne ofrojm\u00eb vizita specialistike infektologjike dhe konsultative  p\u00ebr pacient &#8230;<\/p>\n","protected":false},"author":1,"featured_media":1056,"parent":14,"menu_order":0,"comment_status":"closed","ping_status":"closed","template":"","meta":{"_acf_changed":false,"footnotes":""},"class_list":["post-120","page","type-page","status-publish","has-post-thumbnail","hentry"],"acf":[],"_links":{"self":[{"href":"https:\/\/infeksioni.com\/index.php?rest_route=\/wp\/v2\/pages\/120","targetHints":{"allow":["GET"]}}],"collection":[{"href":"https:\/\/infeksioni.com\/index.php?rest_route=\/wp\/v2\/pages"}],"about":[{"href":"https:\/\/infeksioni.com\/index.php?rest_route=\/wp\/v2\/types\/page"}],"author":[{"embeddable":true,"href":"https:\/\/infeksioni.com\/index.php?rest_route=\/wp\/v2\/users\/1"}],"replies":[{"embeddable":true,"href":"https:\/\/infeksioni.com\/index.php?rest_route=%2Fwp%2Fv2%2Fcomments&post=120"}],"version-history":[{"count":0,"href":"https:\/\/infeksioni.com\/index.php?rest_route=\/wp\/v2\/pages\/120\/revisions"}],"up":[{"embeddable":true,"href":"https:\/\/infeksioni.com\/index.php?rest_route=\/wp\/v2\/pages\/14"}],"wp:featuredmedia":[{"embeddable":true,"href":"https:\/\/infeksioni.com\/index.php?rest_route=\/wp\/v2\/media\/1056"}],"wp:attachment":[{"href":"https:\/\/infeksioni.com\/index.php?rest_route=%2Fwp%2Fv2%2Fmedia&parent=120"}],"curies":[{"name":"wp","href":"https:\/\/api.w.org\/{rel}","templated":true}]}}