{"id":16,"date":"2015-12-08T11:45:21","date_gmt":"2015-12-08T11:45:21","guid":{"rendered":"http:\/\/xml-io.proteusthemes.com\/beauty\/?page_id=16"},"modified":"2016-09-20T12:10:40","modified_gmt":"2016-09-20T12:10:40","slug":"perne","status":"publish","type":"page","link":"https:\/\/infeksioni.com\/?page_id=16","title":{"rendered":"Per ne"},"content":{"rendered":"<div id=\"pl-16\"  class=\"panel-layout\" ><div id=\"pg-16-0\"  class=\"panel-grid panel-no-style\" ><div id=\"pgc-16-0-0\"  class=\"panel-grid-cell\" ><div id=\"panel-16-0-0-0\" class=\"so-panel widget widget_sow-editor panel-first-child\" data-index=\"0\" ><div class=\"panel-widget-style panel-widget-style-for-16-0-0-0\" ><div\n\t\t\t\n\t\t\tclass=\"so-widget-sow-editor so-widget-sow-editor-base\"\n\t\t\t\n\t\t>\n<div class=\"siteorigin-widget-tinymce textwidget\">\n\t<h4>Laboratori Infeksioni<\/h4>\n<p>Laboratori Infeksioni \u00ebsht\u00eb Qend\u00ebr Diagnostike e kontrollit cil\u00ebsore te analizave\u00a0biokimike.<\/p>\n<p>Laboratori Infeksioni udh\u00ebhiqet nga Ass Dr Arben Vishaj,specialist Infektolog , Mr sci\u00a0PhDc\u00a0<br \/>me p\u00ebrkushtim t\u00eb lart\u00eb duke shfryt\u00ebzuar teknologjin\u00eb m\u00eb bashk\u00ebkohore nga\u00a0prodhuesi Gjerman<br \/>Roche \u2013Cobas Integra 800 ,Elecsis 2010 analizer te automatizuar\u00a0p\u00ebr Elisa- DRG-Diagnostics .<\/p>\n<p>Me nj\u00eb staf mjek\u00ebsore t\u00eb specializuar dhe laborant t\u00eb lart\u00eb\u00a0mjek\u00ebsor ne ofrojm\u00eb sh\u00ebrbimet tona tash e 11 vite.<br \/>P\u00ebrpjekja jon\u00eb \u00ebsht\u00eb e vazhdueshme n\u00eb ngritjen profesionale dhe teknologjike ne hap me\u00a0trend\u00ebt bashk\u00ebkohore<br \/>duke ofrua sh\u00ebrbime te shpejte,t\u00eb sakte me kosto t\u00eb pranueshme\u00a0p\u00ebr rrethanat e vendit ton\u00eb .<\/p>\n<\/div>\n<\/div><\/div><\/div><div id=\"panel-16-0-0-1\" class=\"so-panel widget widget_sow-editor panel-last-child\" data-index=\"1\" ><div class=\"panel-widget-style panel-widget-style-for-16-0-0-1\" ><div\n\t\t\t\n\t\t\tclass=\"so-widget-sow-editor so-widget-sow-editor-base\"\n\t\t\t\n\t\t>\n<div class=\"siteorigin-widget-tinymce textwidget\">\n\t<h4 style=\"text-align: left;\">Misioni<\/h4>\n<div style=\"text-align: left;\">Misioni yn\u00eb \u00ebsht\u00eb q\u00eb t'iu ofrojm\u00eb sh\u00ebrbimet m\u00eb profesionale laboratorike dhe mjek\u00ebsore <br \/>duke disponuar me teknik\u00eb m\u00eb t\u00eb sofistikuar laboratorike , duke p\u00ebrfshir\u00eb aparatur\u00ebn <br \/>Roche \u2013Cobas Integra 800 ,Elecsis 2010 analizer te automatizuar\u00a0p\u00ebr Elisa- DRG-Diagnostics .\u00a0<\/div>\n<\/div>\n<\/div><\/div><\/div><\/div><div id=\"pgc-16-0-1\"  class=\"panel-grid-cell\" ><div id=\"panel-16-0-1-0\" class=\"so-panel widget widget_sow-image panel-first-child panel-last-child\" data-index=\"2\" ><div\n\t\t\t\n\t\t\tclass=\"so-widget-sow-image so-widget-sow-image-default-8b5b6f678277-16\"\n\t\t\t\n\t\t>\n<div class=\"sow-image-container\">\n\t\t<img \n\tsrc=\"https:\/\/infeksioni.com\/wp-content\/uploads\/2015\/12\/Cobas-Integra-800-2-1.png\" width=\"379\" height=\"648\" srcset=\"https:\/\/infeksioni.com\/wp-content\/uploads\/2015\/12\/Cobas-Integra-800-2-1.png 379w, https:\/\/infeksioni.com\/wp-content\/uploads\/2015\/12\/Cobas-Integra-800-2-1-175x300.png 175w\" sizes=\"(max-width: 379px) 100vw, 379px\" title=\"Cobas Integra 800\" alt=\"\" \t\tclass=\"so-widget-image\"\/>\n\t<\/div>\n\n<\/div><\/div><\/div><\/div><\/div>","protected":false},"excerpt":{"rendered":"<p>Laboratori InfeksioniLaboratori Infeksioni \u00ebsht\u00eb Qend\u00ebr Diagnostike e kontrollit cil\u00ebsore te analizave\u00a0biokimike.Laboratori Infeksioni udh\u00ebhiqet nga Ass Dr Arben Vishaj,specialist Infektolog , Mr sci\u00a0PhDc\u00a0me p\u00ebrkushtim t\u00eb lart\u00eb duke shfryt\u00ebzuar teknologjin\u00eb m\u00eb bashk\u00ebkohore nga\u00a0prodhuesi GjermanRoche \u2013Cobas Integra 800 ,Elecsis 2010 analizer te automatizuar\u00a0p\u00ebr Elisa- DRG-Diagnostics .Me nj\u00eb staf mjek\u00ebsore t\u00eb specializuar dhe laborant t\u00eb lart\u00eb\u00a0mjek\u00ebsor ne ofrojm\u00eb sh\u00ebrbimet &hellip;<\/p>\n","protected":false},"author":1,"featured_media":0,"parent":0,"menu_order":0,"comment_status":"closed","ping_status":"closed","template":"","meta":{"_acf_changed":false,"footnotes":""},"class_list":["post-16","page","type-page","status-publish","hentry"],"acf":[],"_links":{"self":[{"href":"https:\/\/infeksioni.com\/index.php?rest_route=\/wp\/v2\/pages\/16","targetHints":{"allow":["GET"]}}],"collection":[{"href":"https:\/\/infeksioni.com\/index.php?rest_route=\/wp\/v2\/pages"}],"about":[{"href":"https:\/\/infeksioni.com\/index.php?rest_route=\/wp\/v2\/types\/page"}],"author":[{"embeddable":true,"href":"https:\/\/infeksioni.com\/index.php?rest_route=\/wp\/v2\/users\/1"}],"replies":[{"embeddable":true,"href":"https:\/\/infeksioni.com\/index.php?rest_route=%2Fwp%2Fv2%2Fcomments&post=16"}],"version-history":[{"count":0,"href":"https:\/\/infeksioni.com\/index.php?rest_route=\/wp\/v2\/pages\/16\/revisions"}],"wp:attachment":[{"href":"https:\/\/infeksioni.com\/index.php?rest_route=%2Fwp%2Fv2%2Fmedia&parent=16"}],"curies":[{"name":"wp","href":"https:\/\/api.w.org\/{rel}","templated":true}]}}