{"id":808,"date":"2016-09-09T09:50:37","date_gmt":"2016-09-09T09:50:37","guid":{"rendered":"https:\/\/infeksioni.com\/?page_id=808"},"modified":"2016-09-30T09:31:09","modified_gmt":"2016-09-30T09:31:09","slug":"808-2","status":"publish","type":"page","link":"https:\/\/infeksioni.com\/?page_id=808","title":{"rendered":"Ultraz\u00ebri"},"content":{"rendered":"<div id=\"pl-808\"  class=\"panel-layout\" ><div id=\"pg-808-0\"  class=\"panel-grid panel-no-style\" ><div id=\"pgc-808-0-0\"  class=\"panel-grid-cell\" ><div id=\"panel-808-0-0-0\" class=\"so-panel widget widget_sow-editor panel-first-child panel-last-child\" data-index=\"0\" ><div\n\t\t\t\n\t\t\tclass=\"so-widget-sow-editor so-widget-sow-editor-base\"\n\t\t\t\n\t\t>\n<div class=\"siteorigin-widget-tinymce textwidget\">\n\t<p><strong>Ultraz\u00ebri<\/strong><\/p>\n<p>Dr Arben Vishaj me p\u00ebrvoje te arritur ne qendra Europiane p\u00ebrmes aparatur\u00ebs moderne Logiq P6 GE kryen ultraz\u00ebrin diagnostik dhe intervent..<br \/>Qe nga vitin 2011 me sukses ne kliniken infektive ne Prishtin\u00eb ka konsoliduar ekosonografine intervente duke aplikuar p\u00ebr here te pare Biopsin\u00eb e cakut te m\u00ebl\u00e7is\u00eb dhe nj\u00ebherit duke qene personi referent ne aplikimin e biopsis\u00eb s\u00eb m\u00ebl\u00e7is\u00eb nen p\u00ebrcjellje ekosonografike,<\/p>\n<\/div>\n<\/div><\/div><\/div><\/div><\/div>","protected":false},"excerpt":{"rendered":"<p>Ultraz\u00eb me nj\u00eb staff mjek\u00ebsor t\u00eb specialuzuar me p\u00ebrvoj pune shum vjeqare&#8230;<\/p>\n","protected":false},"author":1,"featured_media":966,"parent":14,"menu_order":0,"comment_status":"closed","ping_status":"open","template":"","meta":{"_acf_changed":false,"footnotes":""},"class_list":["post-808","page","type-page","status-publish","has-post-thumbnail","hentry"],"acf":[],"_links":{"self":[{"href":"https:\/\/infeksioni.com\/index.php?rest_route=\/wp\/v2\/pages\/808","targetHints":{"allow":["GET"]}}],"collection":[{"href":"https:\/\/infeksioni.com\/index.php?rest_route=\/wp\/v2\/pages"}],"about":[{"href":"https:\/\/infeksioni.com\/index.php?rest_route=\/wp\/v2\/types\/page"}],"author":[{"embeddable":true,"href":"https:\/\/infeksioni.com\/index.php?rest_route=\/wp\/v2\/users\/1"}],"replies":[{"embeddable":true,"href":"https:\/\/infeksioni.com\/index.php?rest_route=%2Fwp%2Fv2%2Fcomments&post=808"}],"version-history":[{"count":0,"href":"https:\/\/infeksioni.com\/index.php?rest_route=\/wp\/v2\/pages\/808\/revisions"}],"up":[{"embeddable":true,"href":"https:\/\/infeksioni.com\/index.php?rest_route=\/wp\/v2\/pages\/14"}],"wp:featuredmedia":[{"embeddable":true,"href":"https:\/\/infeksioni.com\/index.php?rest_route=\/wp\/v2\/media\/966"}],"wp:attachment":[{"href":"https:\/\/infeksioni.com\/index.php?rest_route=%2Fwp%2Fv2%2Fmedia&parent=808"}],"curies":[{"name":"wp","href":"https:\/\/api.w.org\/{rel}","templated":true}]}}